{"id":5463,"date":"2024-04-24T22:18:15","date_gmt":"2024-04-24T20:18:15","guid":{"rendered":"https:\/\/www.danielasuhr.de\/?page_id=5463"},"modified":"2024-05-15T22:05:52","modified_gmt":"2024-05-15T20:05:52","slug":"impressum","status":"publish","type":"page","link":"https:\/\/www.danielasuhr.de\/en\/impressum\/","title":{"rendered":"Impressum"},"content":{"rendered":"<div data-colibri-id=\"5463-c1\" class=\"style-2070 style-local-5463-c1 position-relative\">\r\n  <!---->\r\n  <div data-colibri-component=\"section\" data-colibri-id=\"5463-c2\" id=\"custom\" class=\"h-section h-section-global-spacing d-flex align-items-lg-center align-items-md-center align-items-center style-2102 style-local-5463-c2 position-relative\">\r\n    <!---->\r\n    <!---->\r\n    <div class=\"h-section-grid-container h-section-boxed-container\">\r\n      <!---->\r\n      <div data-colibri-id=\"5463-c3\" class=\"h-row-container gutters-row-lg-2 gutters-row-md-2 gutters-row-0 gutters-row-v-lg-2 gutters-row-v-md-2 gutters-row-v-2 style-2103 style-local-5463-c3 position-relative\">\r\n        <!---->\r\n        <div class=\"h-row justify-content-lg-center justify-content-md-center justify-content-center align-items-lg-stretch align-items-md-stretch align-items-stretch gutters-col-lg-2 gutters-col-md-2 gutters-col-0 gutters-col-v-lg-2 gutters-col-v-md-2 gutters-col-v-2\">\r\n          <!---->\r\n          <div class=\"h-column h-column-container d-flex h-col-lg-auto h-col-md-auto h-col-auto style-2104-outer style-local-5463-c4-outer\">\r\n            <div data-colibri-id=\"5463-c4\" class=\"d-flex h-flex-basis h-column__inner h-px-lg-2 h-px-md-2 h-px-2 v-inner-lg-2 v-inner-md-2 v-inner-2 style-2104 style-local-5463-c4 position-relative\">\r\n              <!---->\r\n              <!---->\r\n              <div class=\"w-100 h-y-container h-column__content h-column__v-align flex-basis-100 align-self-lg-start align-self-md-start align-self-start\">\r\n                <!---->\r\n                <div data-colibri-id=\"5463-c5\" class=\"h-text h-text-component style-2105 style-local-5463-c5 position-relative h-element\">\r\n                  <!---->\r\n                  <!---->\r\n                  <div class=\"\">\r\n                    <h3><span style=\"font-family: Muli; font-weight: 700;\">Impressum<\/span><\/h3>\r\n                    <p>Daniela Suhr\r\n                      <br> B\u00fclowstra\u00dfe 12\r\n                      <br> 24105 Kiel<\/p>\r\n                    <h3><span style=\"font-family: Muli; font-weight: 700;\">Kontakt<\/span><\/h3>\r\n                    <p>Telefon: +49 15140549514\r\n                      <br> E-Mail: daniela.suhr@email.de<\/p>\r\n                    <h3><span style=\"font-family: Muli; font-weight: 700;\">EU-Streitschlichtung<\/span><\/h3>\r\n                    <p>Die Europ\u00e4ische Kommission stellt eine Plattform zur Online-Streitbeilegung (OS) bereit:\r\n                      <a href=\"https:\/\/ec.europa.eu\/consumers\/odr\" rel=\"noopener noreferrer\" target=\"_blank\" class=\"customize-unpreviewable\" draggable=\"false\">https:\/\/ec.europa.eu\/consumers\/odr\/<\/a>.\r\n                      <br> Unsere E-Mail-Adresse finden Sie oben im Impressum.<\/p>\r\n                    <h3><span style=\"font-family: Muli; font-weight: 700;\">Verbraucher\u00adstreit\u00adbeilegung\/Universal\u00adschlichtungs\u00adstelle<\/span><\/h3>\r\n                    <p>Wir sind nicht bereit oder verpflichtet, an Streitbeilegungsverfahren vor einer Verbraucherschlichtungsstelle teilzunehmen.<\/p>\r\n                  <\/div>\r\n                <\/div>\r\n              <\/div>\r\n            <\/div>\r\n          <\/div>\r\n        <\/div>\r\n      <\/div>\r\n    <\/div>\r\n  <\/div>\r\n<\/div>","protected":false},"excerpt":{"rendered":"<p>Impressum Daniela Suhr B\u00fclowstra\u00dfe 12 24105 Kiel Kontakt Telefon: +49 15140549514 E-Mail: daniela.suhr@email.de EU-Streitschlichtung Die Europ\u00e4ische Kommission stellt eine Plattform zur Online-Streitbeilegung (OS) bereit: https:\/\/ec.europa.eu\/consumers\/odr\/. Unsere E-Mail-Adresse finden Sie oben im Impressum. Verbraucher\u00adstreit\u00adbeilegung\/Universal\u00adschlichtungs\u00adstelle Wir sind nicht bereit oder verpflichtet, an Streitbeilegungsverfahren vor einer Verbraucherschlichtungsstelle teilzunehmen.<\/p>","protected":false},"author":1,"featured_media":0,"parent":0,"menu_order":0,"comment_status":"closed","ping_status":"closed","template":"page-templates\/full-width-page.php","meta":{"footnotes":""},"class_list":["post-5463","page","type-page","status-publish","hentry"],"_links":{"self":[{"href":"https:\/\/www.danielasuhr.de\/en\/wp-json\/wp\/v2\/pages\/5463","targetHints":{"allow":["GET"]}}],"collection":[{"href":"https:\/\/www.danielasuhr.de\/en\/wp-json\/wp\/v2\/pages"}],"about":[{"href":"https:\/\/www.danielasuhr.de\/en\/wp-json\/wp\/v2\/types\/page"}],"author":[{"embeddable":true,"href":"https:\/\/www.danielasuhr.de\/en\/wp-json\/wp\/v2\/users\/1"}],"replies":[{"embeddable":true,"href":"https:\/\/www.danielasuhr.de\/en\/wp-json\/wp\/v2\/comments?post=5463"}],"version-history":[{"count":2,"href":"https:\/\/www.danielasuhr.de\/en\/wp-json\/wp\/v2\/pages\/5463\/revisions"}],"predecessor-version":[{"id":5475,"href":"https:\/\/www.danielasuhr.de\/en\/wp-json\/wp\/v2\/pages\/5463\/revisions\/5475"}],"wp:attachment":[{"href":"https:\/\/www.danielasuhr.de\/en\/wp-json\/wp\/v2\/media?parent=5463"}],"curies":[{"name":"wp","href":"https:\/\/api.w.org\/{rel}","templated":true}]}}